{"id":124,"date":"2016-10-28T09:49:43","date_gmt":"2016-10-28T14:49:43","guid":{"rendered":"https:\/\/dryadconsulting.com\/2-2\/"},"modified":"2024-02-03T12:54:52","modified_gmt":"2024-02-03T17:54:52","slug":"fr","status":"publish","type":"page","link":"https:\/\/dryadconsulting.com\/fr","title":{"rendered":""},"content":{"rendered":"\r\n<h1 class=\"wp-block-heading\">En tant que directeur d&#8217;une organisation \u00e0 but non lucratif, quels sont vos d\u00e9fis ?<\/h1>\r\n<p>1. Vous n&#8217;avez donn\u00e9 qu&#8217;une vague image globale de vos administr\u00e9s<br \/>2. Vous avez un mauvais suivi de la gestion des dons<br \/>3. Vous ne soutenez pas les initiatives de collecte de fonds<br \/>4. Vous ne savez pas comment assurer le suivi de vos programmes et services<br \/>5. Votre planning de b\u00e9n\u00e9volat est g\u00e9r\u00e9 par Excel<\/p>\r\n<p>Si vous avez r\u00e9pondu &#8220;oui&#8221; \u00e0 l&#8217;une de ces questions, je peux vous aider.<\/p>\r\n\r\n\r\n\r\n<div class=\"wp-block-spacer\" style=\"height: 30px;\" aria-hidden=\"true\">\u00a0<\/div>\r\n<div aria-hidden=\"true\">\r\n<h1>Contact<\/h1>\r\n<span class=\"dashicons dashicons-email\"><\/span><a href=\"mailto:alex@dryadconsulting.com\" target=\"_blank\" rel=\"noopener\">alex@dryadconsulting.com<\/a><br \/>\r\n<span class=\"dashicons dashicons-location\"><\/span>Montr\u00e9al, Quebec, Canada<\/p>\r\n<h3>Langues parl\u00e9es<\/h3>\r\n<p>Anglais (langue maternelle)<br \/>Fran\u00e7ais (comp\u00e9tence professionnelle)<\/p>\r\n<h3>Social<\/h3>\r\n<div class=\"social\">\r\n<p><span class=\"dashicons dashicons-linkedin\"><\/span><a href=\"https:\/\/www.linkedin.com\/in\/alexanderlapa\/\" target=\"_blank\" rel=\"noopener\">LinkedIn<\/a><br \/>\r\n<span class=\"dashicons dashicons-cloud\"><\/span><a href=\"https:\/\/trailblazer.me\/id\/alexanderlapa\" target=\"_blank\" rel=\"noopener\">Salesforce<\/a><\/p>\r\n<\/div>\r\n<\/div>\r\n\r\n\r\n\r\n<div class=\"wp-block-spacer\" style=\"height: 30px;\" aria-hidden=\"true\">\u00a0<\/div>\r\n\r\n\r\n\r\n<h2 class=\"wp-block-heading\">Qui est Alex?<\/h2>\r\n\r\n\r\n<div class='content-column one_third'><img loading=\"lazy\" decoding=\"async\" class=\"aligncenter size-medium wp-image-338\" src=\"https:\/\/dryadconsulting.com\/wp-content\/uploads\/2021\/01\/Alexander-Lapa-300x300.jpg\" alt=\"\" width=\"300\" height=\"300\" srcset=\"https:\/\/dryadconsulting.com\/wp-content\/uploads\/2021\/01\/Alexander-Lapa-300x300.jpg 300w, https:\/\/dryadconsulting.com\/wp-content\/uploads\/2021\/01\/Alexander-Lapa-150x150.jpg 150w, https:\/\/dryadconsulting.com\/wp-content\/uploads\/2021\/01\/Alexander-Lapa.jpg 548w\" sizes=\"auto, (max-width: 300px) 100vw, 300px\" \/><\/div>\n\r\n\r\n<div class='content-column two_third last_column'><strong>Alexander Lapa<\/strong> <br \/><strong>Architecte Salesforce<\/strong><\/p>\n<p>Titulaire d&#8217;un baccalaur\u00e9at en g\u00e9nie informatique de l&#8217;Universit\u00e9 McGill, j&#8217;ai commenc\u00e9 ma carri\u00e8re de pigiste en 2003. Aujourd&#8217;hui, avec plus de 15 ans d&#8217;exp\u00e9rience dans le domaine du CRM, de la conception et de l&#8217;architecture, je poss\u00e8de les comp\u00e9tences et l&#8217;expertise n\u00e9cessaires pour vous fournir des solutions innovantes r\u00e9pondant \u00e0 vos besoins les plus exigeants.<\/p>\n<p>J&#8217;adopte une approche partenaire et holistique, afin de m&#8217;assurer que vous optimisez votre investissement dans Salesforce. En combinant des ann\u00e9es d&#8217;exp\u00e9rience dans le domaine des organisations \u00e0 but non lucratif et des principes UX fond\u00e9s sur des preuves, je peux am\u00e9liorer consid\u00e9rablement l&#8217;implication de vos \u00e9lecteurs, b\u00e9n\u00e9voles et employ\u00e9s.<\/p><\/div><div class='clear_column'><\/div>\n","protected":false},"excerpt":{"rendered":"<p>En tant que directeur d&#8217;une organisation \u00e0 but non lucratif, quels sont vos d\u00e9fis ? 1. Vous n&#8217;avez donn\u00e9 qu&#8217;une vague image globale de vos administr\u00e9s2. Vous avez un mauvais suivi de la gestion des dons3. Vous ne soutenez pas les initiatives de collecte de fonds4. Vous ne savez pas comment assurer le suivi de [&hellip;]<\/p>\n","protected":false},"author":2,"featured_media":0,"parent":0,"menu_order":0,"comment_status":"closed","ping_status":"closed","template":"full-width.php","meta":{"nf_dc_page":"","_monsterinsights_skip_tracking":false,"_monsterinsights_sitenote_active":false,"_monsterinsights_sitenote_note":"","_monsterinsights_sitenote_category":0,"footnotes":""},"class_list":["post-124","page","type-page","status-publish","hentry","post index-post"],"yoast_head":"<!-- This site is optimized with the Yoast SEO plugin v27.4 - https:\/\/yoast.com\/product\/yoast-seo-wordpress\/ -->\n<title>Dryad Consulting<\/title>\n<meta name=\"description\" content=\"Dryad Consulting est une agence technique qui offre des conseils en mati\u00e8re de solutions d\u2019architecture, des applications web et des sites web.\" \/>\n<meta name=\"robots\" content=\"index, follow, max-snippet:-1, max-image-preview:large, max-video-preview:-1\" \/>\n<link rel=\"canonical\" href=\"https:\/\/dryadconsulting.com\/fr\" \/>\n<meta property=\"og:locale\" content=\"fr_FR\" \/>\n<meta property=\"og:type\" content=\"article\" \/>\n<meta property=\"og:title\" content=\"Dryad Consulting\" \/>\n<meta property=\"og:description\" content=\"Dryad Consulting est une agence technique qui offre des conseils en mati\u00e8re de solutions d\u2019architecture, des applications web et des sites web.\" \/>\n<meta property=\"og:url\" content=\"https:\/\/dryadconsulting.com\/fr\" \/>\n<meta property=\"og:site_name\" content=\"Dryad Consulting\" \/>\n<meta property=\"article:modified_time\" content=\"2024-02-03T17:54:52+00:00\" \/>\n<meta property=\"og:image\" content=\"https:\/\/dryadconsulting.com\/wp-content\/uploads\/2021\/01\/Alexander-Lapa-300x300.jpg\" \/>\n<meta name=\"twitter:card\" content=\"summary_large_image\" \/>\n<meta name=\"twitter:label1\" content=\"Dur\u00e9e de lecture estim\u00e9e\" \/>\n\t<meta name=\"twitter:data1\" content=\"2 minutes\" \/>\n<script type=\"application\/ld+json\" class=\"yoast-schema-graph\">{\"@context\":\"https:\\\/\\\/schema.org\",\"@graph\":[{\"@type\":\"WebPage\",\"@id\":\"https:\\\/\\\/dryadconsulting.com\\\/fr\",\"url\":\"https:\\\/\\\/dryadconsulting.com\\\/fr\",\"name\":\"Dryad Consulting\",\"isPartOf\":{\"@id\":\"https:\\\/\\\/dryadconsulting.com\\\/#website\"},\"primaryImageOfPage\":{\"@id\":\"https:\\\/\\\/dryadconsulting.com\\\/fr#primaryimage\"},\"image\":{\"@id\":\"https:\\\/\\\/dryadconsulting.com\\\/fr#primaryimage\"},\"thumbnailUrl\":\"https:\\\/\\\/dryadconsulting.com\\\/wp-content\\\/uploads\\\/2021\\\/01\\\/Alexander-Lapa-300x300.jpg\",\"datePublished\":\"2016-10-28T14:49:43+00:00\",\"dateModified\":\"2024-02-03T17:54:52+00:00\",\"description\":\"Dryad Consulting est une agence technique qui offre des conseils en mati\u00e8re de solutions d\u2019architecture, des applications web et des sites web.\",\"inLanguage\":\"fr-FR\",\"potentialAction\":[{\"@type\":\"ReadAction\",\"target\":[\"https:\\\/\\\/dryadconsulting.com\\\/fr\"]}]},{\"@type\":\"ImageObject\",\"inLanguage\":\"fr-FR\",\"@id\":\"https:\\\/\\\/dryadconsulting.com\\\/fr#primaryimage\",\"url\":\"https:\\\/\\\/dryadconsulting.com\\\/wp-content\\\/uploads\\\/2021\\\/01\\\/Alexander-Lapa-300x300.jpg\",\"contentUrl\":\"https:\\\/\\\/dryadconsulting.com\\\/wp-content\\\/uploads\\\/2021\\\/01\\\/Alexander-Lapa-300x300.jpg\"},{\"@type\":\"WebSite\",\"@id\":\"https:\\\/\\\/dryadconsulting.com\\\/#website\",\"url\":\"https:\\\/\\\/dryadconsulting.com\\\/\",\"name\":\"Dryad Consulting\",\"description\":\"Salesforce Consulting Services for Nonprofits\",\"publisher\":{\"@id\":\"https:\\\/\\\/dryadconsulting.com\\\/#organization\"},\"potentialAction\":[{\"@type\":\"SearchAction\",\"target\":{\"@type\":\"EntryPoint\",\"urlTemplate\":\"https:\\\/\\\/dryadconsulting.com\\\/?s={search_term_string}\"},\"query-input\":{\"@type\":\"PropertyValueSpecification\",\"valueRequired\":true,\"valueName\":\"search_term_string\"}}],\"inLanguage\":\"fr-FR\"},{\"@type\":\"Organization\",\"@id\":\"https:\\\/\\\/dryadconsulting.com\\\/#organization\",\"name\":\"Dryad Consulting\",\"url\":\"https:\\\/\\\/dryadconsulting.com\\\/\",\"logo\":{\"@type\":\"ImageObject\",\"inLanguage\":\"fr-FR\",\"@id\":\"https:\\\/\\\/dryadconsulting.com\\\/#\\\/schema\\\/logo\\\/image\\\/\",\"url\":\"https:\\\/\\\/dryadconsulting.com\\\/wp-content\\\/uploads\\\/2017\\\/06\\\/dryad_logo.png\",\"contentUrl\":\"https:\\\/\\\/dryadconsulting.com\\\/wp-content\\\/uploads\\\/2017\\\/06\\\/dryad_logo.png\",\"width\":230,\"height\":130,\"caption\":\"Dryad Consulting\"},\"image\":{\"@id\":\"https:\\\/\\\/dryadconsulting.com\\\/#\\\/schema\\\/logo\\\/image\\\/\"},\"sameAs\":[\"https:\\\/\\\/www.linkedin.com\\\/in\\\/alexanderlapa\"]}]}<\/script>\n<!-- \/ Yoast SEO plugin. -->","yoast_head_json":{"title":"Dryad Consulting","description":"Dryad Consulting est une agence technique qui offre des conseils en mati\u00e8re de solutions d\u2019architecture, des applications web et des sites web.","robots":{"index":"index","follow":"follow","max-snippet":"max-snippet:-1","max-image-preview":"max-image-preview:large","max-video-preview":"max-video-preview:-1"},"canonical":"https:\/\/dryadconsulting.com\/fr","og_locale":"fr_FR","og_type":"article","og_title":"Dryad Consulting","og_description":"Dryad Consulting est une agence technique qui offre des conseils en mati\u00e8re de solutions d\u2019architecture, des applications web et des sites web.","og_url":"https:\/\/dryadconsulting.com\/fr","og_site_name":"Dryad Consulting","article_modified_time":"2024-02-03T17:54:52+00:00","og_image":[{"url":"https:\/\/dryadconsulting.com\/wp-content\/uploads\/2021\/01\/Alexander-Lapa-300x300.jpg","type":"","width":"","height":""}],"twitter_card":"summary_large_image","twitter_misc":{"Dur\u00e9e de lecture estim\u00e9e":"2 minutes"},"schema":{"@context":"https:\/\/schema.org","@graph":[{"@type":"WebPage","@id":"https:\/\/dryadconsulting.com\/fr","url":"https:\/\/dryadconsulting.com\/fr","name":"Dryad Consulting","isPartOf":{"@id":"https:\/\/dryadconsulting.com\/#website"},"primaryImageOfPage":{"@id":"https:\/\/dryadconsulting.com\/fr#primaryimage"},"image":{"@id":"https:\/\/dryadconsulting.com\/fr#primaryimage"},"thumbnailUrl":"https:\/\/dryadconsulting.com\/wp-content\/uploads\/2021\/01\/Alexander-Lapa-300x300.jpg","datePublished":"2016-10-28T14:49:43+00:00","dateModified":"2024-02-03T17:54:52+00:00","description":"Dryad Consulting est une agence technique qui offre des conseils en mati\u00e8re de solutions d\u2019architecture, des applications web et des sites web.","inLanguage":"fr-FR","potentialAction":[{"@type":"ReadAction","target":["https:\/\/dryadconsulting.com\/fr"]}]},{"@type":"ImageObject","inLanguage":"fr-FR","@id":"https:\/\/dryadconsulting.com\/fr#primaryimage","url":"https:\/\/dryadconsulting.com\/wp-content\/uploads\/2021\/01\/Alexander-Lapa-300x300.jpg","contentUrl":"https:\/\/dryadconsulting.com\/wp-content\/uploads\/2021\/01\/Alexander-Lapa-300x300.jpg"},{"@type":"WebSite","@id":"https:\/\/dryadconsulting.com\/#website","url":"https:\/\/dryadconsulting.com\/","name":"Dryad Consulting","description":"Salesforce Consulting Services for Nonprofits","publisher":{"@id":"https:\/\/dryadconsulting.com\/#organization"},"potentialAction":[{"@type":"SearchAction","target":{"@type":"EntryPoint","urlTemplate":"https:\/\/dryadconsulting.com\/?s={search_term_string}"},"query-input":{"@type":"PropertyValueSpecification","valueRequired":true,"valueName":"search_term_string"}}],"inLanguage":"fr-FR"},{"@type":"Organization","@id":"https:\/\/dryadconsulting.com\/#organization","name":"Dryad Consulting","url":"https:\/\/dryadconsulting.com\/","logo":{"@type":"ImageObject","inLanguage":"fr-FR","@id":"https:\/\/dryadconsulting.com\/#\/schema\/logo\/image\/","url":"https:\/\/dryadconsulting.com\/wp-content\/uploads\/2017\/06\/dryad_logo.png","contentUrl":"https:\/\/dryadconsulting.com\/wp-content\/uploads\/2017\/06\/dryad_logo.png","width":230,"height":130,"caption":"Dryad Consulting"},"image":{"@id":"https:\/\/dryadconsulting.com\/#\/schema\/logo\/image\/"},"sameAs":["https:\/\/www.linkedin.com\/in\/alexanderlapa"]}]}},"_links":{"self":[{"href":"https:\/\/dryadconsulting.com\/fr\/wp-json\/wp\/v2\/pages\/124","targetHints":{"allow":["GET"]}}],"collection":[{"href":"https:\/\/dryadconsulting.com\/fr\/wp-json\/wp\/v2\/pages"}],"about":[{"href":"https:\/\/dryadconsulting.com\/fr\/wp-json\/wp\/v2\/types\/page"}],"author":[{"embeddable":true,"href":"https:\/\/dryadconsulting.com\/fr\/wp-json\/wp\/v2\/users\/2"}],"replies":[{"embeddable":true,"href":"https:\/\/dryadconsulting.com\/fr\/wp-json\/wp\/v2\/comments?post=124"}],"version-history":[{"count":5,"href":"https:\/\/dryadconsulting.com\/fr\/wp-json\/wp\/v2\/pages\/124\/revisions"}],"predecessor-version":[{"id":1715,"href":"https:\/\/dryadconsulting.com\/fr\/wp-json\/wp\/v2\/pages\/124\/revisions\/1715"}],"wp:attachment":[{"href":"https:\/\/dryadconsulting.com\/fr\/wp-json\/wp\/v2\/media?parent=124"}],"curies":[{"name":"wp","href":"https:\/\/api.w.org\/{rel}","templated":true}]}}